{"id":112,"date":"2019-06-14T15:51:22","date_gmt":"2019-06-14T15:51:22","guid":{"rendered":"https:\/\/www.wimmelbuchwinterthur.ch\/?page_id=112"},"modified":"2020-06-16T16:26:34","modified_gmt":"2020-06-16T16:26:34","slug":"ueber-uns","status":"publish","type":"page","link":"https:\/\/www.wimmelbuchwinterthur.ch\/?page_id=112","title":{"rendered":"Das sind wir"},"content":{"rendered":"\n<p><strong><em>Samuel Schuhmacher:<\/em><\/strong> Ich bin in der Region Winterthur aufgewachsen. Nach meinem Illustrator-Studium in Luzern lebe und arbeite ich nun als freier Illustrator und Comiczeichner in dieser Stadt. Ich liebe die vielen kleinen Geschichten und Begebenheiten, welche man jeden Tag in den Strassen einer Stadt wie Winterthur beobachten kann. Genau jene kleinen Geschichten des Alltags sind es auch, welche ich in meine Wimmelbilder einfliessen lasse, und die ein solches Bild am Ende ausmachen. Ich habe schon ein paar kleinere Wimmelbild-Projekte realisiert und w\u00fcrde mich riesig freuen, ein ganzes Wimmelbuch in Angriff zu nehmen. Dass es sich bei diesem Projekt um meine Heimats- und Lieblingsstadt handelt, macht das Ganze zu mehr als einem Auftrag. Es ist ein Herzensprojekt!<\/p>\n\n\n\n<p><strong><em>Anita B\u00e4ttig: <\/em><\/strong>Als Szenografin und Kulturmanagerin ist es mir ein Anliegen, meinen Beitrag an eine lebendige Kulturstadt Winterthur zu leisten. Dazu geh\u00f6rt auch das Winterthurer Wimmelbuch, f\u00fcr das ich mit Herz und Hirn mit dabei bin.<br> Ich hoffe mit Vorfreude darauf, bald ein fertiges Wimmelbuch in den H\u00e4nden zu halten.<\/p>\n\n\n\n<p><\/p>\n","protected":false},"excerpt":{"rendered":"<p>Samuel Schuhmacher: Ich bin in der Region Winterthur aufgewachsen. Nach meinem Illustrator-Studium in Luzern lebe und arbeite ich nun als freier Illustrator und Comiczeichner in dieser Stadt. Ich liebe die vielen kleinen Geschichten und Begebenheiten, welche man jeden Tag in den Strassen einer Stadt wie Winterthur beobachten kann. Genau jene kleinen Geschichten des Alltags sind &hellip; <\/p>\n<p class=\"link-more\"><a href=\"https:\/\/www.wimmelbuchwinterthur.ch\/?page_id=112\" class=\"more-link\"><span class=\"screen-reader-text\">\u201eDas sind wir\u201c <\/span>weiterlesen<\/a><\/p>\n","protected":false},"author":1,"featured_media":459,"parent":11,"menu_order":0,"comment_status":"closed","ping_status":"closed","template":"","meta":{"footnotes":""},"class_list":["post-112","page","type-page","status-publish","has-post-thumbnail","hentry"],"jetpack_sharing_enabled":true,"_links":{"self":[{"href":"https:\/\/www.wimmelbuchwinterthur.ch\/index.php?rest_route=\/wp\/v2\/pages\/112","targetHints":{"allow":["GET"]}}],"collection":[{"href":"https:\/\/www.wimmelbuchwinterthur.ch\/index.php?rest_route=\/wp\/v2\/pages"}],"about":[{"href":"https:\/\/www.wimmelbuchwinterthur.ch\/index.php?rest_route=\/wp\/v2\/types\/page"}],"author":[{"embeddable":true,"href":"https:\/\/www.wimmelbuchwinterthur.ch\/index.php?rest_route=\/wp\/v2\/users\/1"}],"replies":[{"embeddable":true,"href":"https:\/\/www.wimmelbuchwinterthur.ch\/index.php?rest_route=%2Fwp%2Fv2%2Fcomments&post=112"}],"version-history":[{"count":7,"href":"https:\/\/www.wimmelbuchwinterthur.ch\/index.php?rest_route=\/wp\/v2\/pages\/112\/revisions"}],"predecessor-version":[{"id":157,"href":"https:\/\/www.wimmelbuchwinterthur.ch\/index.php?rest_route=\/wp\/v2\/pages\/112\/revisions\/157"}],"up":[{"embeddable":true,"href":"https:\/\/www.wimmelbuchwinterthur.ch\/index.php?rest_route=\/wp\/v2\/pages\/11"}],"wp:featuredmedia":[{"embeddable":true,"href":"https:\/\/www.wimmelbuchwinterthur.ch\/index.php?rest_route=\/wp\/v2\/media\/459"}],"wp:attachment":[{"href":"https:\/\/www.wimmelbuchwinterthur.ch\/index.php?rest_route=%2Fwp%2Fv2%2Fmedia&parent=112"}],"curies":[{"name":"wp","href":"https:\/\/api.w.org\/{rel}","templated":true}]}}