{"id":430,"date":"2020-06-16T13:53:30","date_gmt":"2020-06-16T13:53:30","guid":{"rendered":"https:\/\/www.wimmelbuchwinterthur.ch\/?page_id=430"},"modified":"2023-05-16T18:34:41","modified_gmt":"2023-05-16T18:34:41","slug":"ausmal-und-raetselheft","status":"publish","type":"page","link":"https:\/\/www.wimmelbuchwinterthur.ch\/?page_id=430","title":{"rendered":"Ausmal- und R\u00e4tselheft"},"content":{"rendered":"\n<p class=\"has-text-align-left\"><img loading=\"lazy\" decoding=\"async\" width=\"150\" height=\"150\" class=\"wp-image-426\" style=\"width: 150px;\" src=\"https:\/\/www.wimmelbuchwinterthur.ch\/wp-content\/uploads\/2020\/06\/Ausmalbuch.jpg\" alt=\"\" srcset=\"https:\/\/www.wimmelbuchwinterthur.ch\/wp-content\/uploads\/2020\/06\/Ausmalbuch.jpg 2047w, https:\/\/www.wimmelbuchwinterthur.ch\/wp-content\/uploads\/2020\/06\/Ausmalbuch-300x300.jpg 300w, https:\/\/www.wimmelbuchwinterthur.ch\/wp-content\/uploads\/2020\/06\/Ausmalbuch-1024x1024.jpg 1024w, https:\/\/www.wimmelbuchwinterthur.ch\/wp-content\/uploads\/2020\/06\/Ausmalbuch-150x150.jpg 150w, https:\/\/www.wimmelbuchwinterthur.ch\/wp-content\/uploads\/2020\/06\/Ausmalbuch-768x768.jpg 768w, https:\/\/www.wimmelbuchwinterthur.ch\/wp-content\/uploads\/2020\/06\/Ausmalbuch-1536x1536.jpg 1536w, https:\/\/www.wimmelbuchwinterthur.ch\/wp-content\/uploads\/2020\/06\/Ausmalbuch-100x100.jpg 100w\" sizes=\"auto, (max-width: 150px) 100vw, 150px\" \/><br>Ab 26. Juni 2020  kannst Du das Ausmal- und R\u00e4tselheft bei einem unserer Vertriebspartner bestellen<\/p>\n\n\n\n<p><\/p>\n\n\n\n\n\n<p><\/p>\n\n\n\n<p><a href=\"https:\/\/www.obergassbuecher.ch\/\">Buchhandlung Obergasse<\/a>, <a href=\"https:\/\/www.buchamplatz.ch\/\">Buch am Platz<\/a>, <a href=\"https:\/\/www.buchparadies-ruoss.com\/\">Buchparadies Winterthur<\/a>, <a href=\"https:\/\/www.buecherchorb.ch\/\" target=\"_blank\" rel=\"noreferrer noopener\">Buecherchorb Aadorf<\/a>, <a href=\"https:\/\/www.chinderlade.ch\/\">Chinderlade + Spiel Art<\/a>, <a href=\"https:\/\/www.fontis-shop.ch\/filialen\/winterthur\">Fontis<\/a>, <a href=\"https:\/\/www.jugglux.ch\/\">Jugglux<\/a>, <a href=\"https:\/\/www.orellfuessli.ch\/shop\/home\/filialen\/showDetails\/1009\/\">Orell F\u00fcssli Winterthur<\/a>, Tourist Information am Bahnhof, <a href=\"http:\/\/werk-platz.ch\/\"> Werkplatz Winterthur<\/a>,  <a href=\"https:\/\/www.zappadoing.ch\/\">Zappa Doing<\/a><\/p>\n\n\n\n<p><em>Im Museum Oskar Reinhart am Stadtgarten wurde diese Nacht eingebrochen und ein wertvolles Bild entwendet. Die beiden Detektive Tina und Timon und ihr Hund Charlie brauchen Deine Hilfe, um diesen mysteri\u00f6sen neuen Fall zu l\u00f6sen. Bist du dabei?Mache dich mit ihnen auf den Weg durch die Stadt und hilf ihnen, Gegenst\u00e4nde zu finden, R\u00e4tsel zu l\u00f6sen oder fantasievolle Maschinen zu entwickeln.<\/em><\/p>\n\n\n\n<figure class=\"wp-block-gallery has-nested-images columns-2 is-cropped wp-block-gallery-1 is-layout-flex wp-block-gallery-is-layout-flex\">\n<figure class=\"wp-block-image size-full\"><img loading=\"lazy\" decoding=\"async\" width=\"2048\" height=\"1453\" data-id=\"441\" src=\"https:\/\/www.wimmelbuchwinterthur.ch\/wp-content\/uploads\/2020\/06\/Ausmalheft.jpg\" alt=\"\" class=\"wp-image-441\" srcset=\"https:\/\/www.wimmelbuchwinterthur.ch\/wp-content\/uploads\/2020\/06\/Ausmalheft.jpg 2048w, https:\/\/www.wimmelbuchwinterthur.ch\/wp-content\/uploads\/2020\/06\/Ausmalheft-300x213.jpg 300w, https:\/\/www.wimmelbuchwinterthur.ch\/wp-content\/uploads\/2020\/06\/Ausmalheft-1024x727.jpg 1024w, https:\/\/www.wimmelbuchwinterthur.ch\/wp-content\/uploads\/2020\/06\/Ausmalheft-768x545.jpg 768w, https:\/\/www.wimmelbuchwinterthur.ch\/wp-content\/uploads\/2020\/06\/Ausmalheft-1536x1090.jpg 1536w\" sizes=\"auto, (max-width: 767px) 89vw, (max-width: 1000px) 54vw, (max-width: 1071px) 543px, 580px\" \/><\/figure>\n\n\n\n<figure class=\"wp-block-image size-full\"><img loading=\"lazy\" decoding=\"async\" width=\"2048\" height=\"1453\" data-id=\"442\" src=\"https:\/\/www.wimmelbuchwinterthur.ch\/wp-content\/uploads\/2020\/06\/Ausmalheft2-1.jpg\" alt=\"\" class=\"wp-image-442\" srcset=\"https:\/\/www.wimmelbuchwinterthur.ch\/wp-content\/uploads\/2020\/06\/Ausmalheft2-1.jpg 2048w, https:\/\/www.wimmelbuchwinterthur.ch\/wp-content\/uploads\/2020\/06\/Ausmalheft2-1-300x213.jpg 300w, https:\/\/www.wimmelbuchwinterthur.ch\/wp-content\/uploads\/2020\/06\/Ausmalheft2-1-1024x727.jpg 1024w, https:\/\/www.wimmelbuchwinterthur.ch\/wp-content\/uploads\/2020\/06\/Ausmalheft2-1-768x545.jpg 768w, https:\/\/www.wimmelbuchwinterthur.ch\/wp-content\/uploads\/2020\/06\/Ausmalheft2-1-1536x1090.jpg 1536w\" sizes=\"auto, (max-width: 767px) 89vw, (max-width: 1000px) 54vw, (max-width: 1071px) 543px, 580px\" \/><\/figure>\n\n\n\n<figure class=\"wp-block-image size-full\"><img loading=\"lazy\" decoding=\"async\" width=\"2048\" height=\"1453\" data-id=\"443\" src=\"https:\/\/www.wimmelbuchwinterthur.ch\/wp-content\/uploads\/2020\/06\/Ausmalheft3.jpg\" alt=\"\" class=\"wp-image-443\" srcset=\"https:\/\/www.wimmelbuchwinterthur.ch\/wp-content\/uploads\/2020\/06\/Ausmalheft3.jpg 2048w, https:\/\/www.wimmelbuchwinterthur.ch\/wp-content\/uploads\/2020\/06\/Ausmalheft3-300x213.jpg 300w, https:\/\/www.wimmelbuchwinterthur.ch\/wp-content\/uploads\/2020\/06\/Ausmalheft3-1024x727.jpg 1024w, https:\/\/www.wimmelbuchwinterthur.ch\/wp-content\/uploads\/2020\/06\/Ausmalheft3-768x545.jpg 768w, https:\/\/www.wimmelbuchwinterthur.ch\/wp-content\/uploads\/2020\/06\/Ausmalheft3-1536x1090.jpg 1536w\" sizes=\"auto, (max-width: 767px) 89vw, (max-width: 1000px) 54vw, (max-width: 1071px) 543px, 580px\" \/><\/figure>\n\n\n\n<figure class=\"wp-block-image size-full\"><img loading=\"lazy\" decoding=\"async\" width=\"2048\" height=\"1453\" data-id=\"444\" src=\"https:\/\/www.wimmelbuchwinterthur.ch\/wp-content\/uploads\/2020\/06\/Ausmalheft4.jpg\" alt=\"\" class=\"wp-image-444\" srcset=\"https:\/\/www.wimmelbuchwinterthur.ch\/wp-content\/uploads\/2020\/06\/Ausmalheft4.jpg 2048w, https:\/\/www.wimmelbuchwinterthur.ch\/wp-content\/uploads\/2020\/06\/Ausmalheft4-300x213.jpg 300w, https:\/\/www.wimmelbuchwinterthur.ch\/wp-content\/uploads\/2020\/06\/Ausmalheft4-1024x727.jpg 1024w, https:\/\/www.wimmelbuchwinterthur.ch\/wp-content\/uploads\/2020\/06\/Ausmalheft4-768x545.jpg 768w, https:\/\/www.wimmelbuchwinterthur.ch\/wp-content\/uploads\/2020\/06\/Ausmalheft4-1536x1090.jpg 1536w\" sizes=\"auto, (max-width: 767px) 89vw, (max-width: 1000px) 54vw, (max-width: 1071px) 543px, 580px\" \/><\/figure>\n<\/figure>\n","protected":false},"excerpt":{"rendered":"<p>Ab 26. Juni 2020 kannst Du das Ausmal- und R\u00e4tselheft bei einem unserer Vertriebspartner bestellen Buchhandlung Obergasse, Buch am Platz, Buchparadies Winterthur, Buecherchorb Aadorf, Chinderlade + Spiel Art, Fontis, Jugglux, Orell F\u00fcssli Winterthur, Tourist Information am Bahnhof, Werkplatz Winterthur, Zappa Doing Im Museum Oskar Reinhart am Stadtgarten wurde diese Nacht eingebrochen und ein wertvolles Bild &hellip; <\/p>\n<p class=\"link-more\"><a href=\"https:\/\/www.wimmelbuchwinterthur.ch\/?page_id=430\" class=\"more-link\"><span class=\"screen-reader-text\">\u201eAusmal- und R\u00e4tselheft\u201c <\/span>weiterlesen<\/a><\/p>\n","protected":false},"author":1,"featured_media":435,"parent":0,"menu_order":10,"comment_status":"closed","ping_status":"closed","template":"","meta":{"footnotes":""},"class_list":["post-430","page","type-page","status-publish","has-post-thumbnail","hentry"],"jetpack_sharing_enabled":true,"_links":{"self":[{"href":"https:\/\/www.wimmelbuchwinterthur.ch\/index.php?rest_route=\/wp\/v2\/pages\/430","targetHints":{"allow":["GET"]}}],"collection":[{"href":"https:\/\/www.wimmelbuchwinterthur.ch\/index.php?rest_route=\/wp\/v2\/pages"}],"about":[{"href":"https:\/\/www.wimmelbuchwinterthur.ch\/index.php?rest_route=\/wp\/v2\/types\/page"}],"author":[{"embeddable":true,"href":"https:\/\/www.wimmelbuchwinterthur.ch\/index.php?rest_route=\/wp\/v2\/users\/1"}],"replies":[{"embeddable":true,"href":"https:\/\/www.wimmelbuchwinterthur.ch\/index.php?rest_route=%2Fwp%2Fv2%2Fcomments&post=430"}],"version-history":[{"count":10,"href":"https:\/\/www.wimmelbuchwinterthur.ch\/index.php?rest_route=\/wp\/v2\/pages\/430\/revisions"}],"predecessor-version":[{"id":1406,"href":"https:\/\/www.wimmelbuchwinterthur.ch\/index.php?rest_route=\/wp\/v2\/pages\/430\/revisions\/1406"}],"wp:featuredmedia":[{"embeddable":true,"href":"https:\/\/www.wimmelbuchwinterthur.ch\/index.php?rest_route=\/wp\/v2\/media\/435"}],"wp:attachment":[{"href":"https:\/\/www.wimmelbuchwinterthur.ch\/index.php?rest_route=%2Fwp%2Fv2%2Fmedia&parent=430"}],"curies":[{"name":"wp","href":"https:\/\/api.w.org\/{rel}","templated":true}]}}