{"id":9,"date":"2019-06-10T19:08:38","date_gmt":"2019-06-10T19:08:38","guid":{"rendered":"https:\/\/www.wimmelbuchwinterthur.ch\/?page_id=9"},"modified":"2023-05-16T18:33:29","modified_gmt":"2023-05-16T18:33:29","slug":"von-winti-fuer-winit","status":"publish","type":"page","link":"https:\/\/www.wimmelbuchwinterthur.ch\/","title":{"rendered":"Von Winti f\u00fcr Winti"},"content":{"rendered":"\n<p><br><img loading=\"lazy\" decoding=\"async\" width=\"200\" height=\"306\" class=\"wp-image-424\" style=\"width: 200px;\" src=\"https:\/\/www.wimmelbuchwinterthur.ch\/wp-content\/uploads\/2020\/06\/cover-e1605113102369.jpg\" alt=\"\" srcset=\"https:\/\/www.wimmelbuchwinterthur.ch\/wp-content\/uploads\/2020\/06\/cover-e1605113102369.jpg 1182w, https:\/\/www.wimmelbuchwinterthur.ch\/wp-content\/uploads\/2020\/06\/cover-e1605113102369-196x300.jpg 196w, https:\/\/www.wimmelbuchwinterthur.ch\/wp-content\/uploads\/2020\/06\/cover-e1605113102369-670x1024.jpg 670w, https:\/\/www.wimmelbuchwinterthur.ch\/wp-content\/uploads\/2020\/06\/cover-e1605113102369-768x1174.jpg 768w, https:\/\/www.wimmelbuchwinterthur.ch\/wp-content\/uploads\/2020\/06\/cover-e1605113102369-1005x1536.jpg 1005w\" sizes=\"auto, (max-width: 200px) 100vw, 200px\" \/><\/p>\n\n\n\n<p>(Bitte beachten Sie, dass das Wimmelbuch nicht \u00fcber uns bestellt werden kann)<\/p>\n\n\n\n<p><a href=\"https:\/\/www.obergassbuecher.ch\/\">Buchhandlung Obergasse<\/a><a href=\"https:\/\/www.buchamplatz.ch\/\"> <\/a><br><a href=\"https:\/\/www.buchamplatz.ch\/\">Buch am Platz<\/a> <br><a href=\"https:\/\/www.buchparadies-ruoss.com\/\">Buchparadies Winterthur<\/a><br><a href=\"https:\/\/www.buecherchorb.ch\/\" target=\"_blank\" rel=\"noreferrer noopener\">Buecherchorb Aadorf<\/a><br><a href=\"https:\/\/www.chinderlade.ch\/\">Chinderlade + Spiel Art<\/a> <br><a href=\"https:\/\/www.fontis-shop.ch\/filialen\/winterthur\">Fontis<\/a><br>Gewerbemuseum Winterthur<br><a href=\"https:\/\/www.jugglux.ch\/spiele-und-geschenke\/geschenkideen\/freche-geschenke\/neuauflage-winterthurer-wimmelbuch-maerz-2020.html\">Jugglux <\/a><br><a href=\"https:\/\/www.buchhaus.ch\/de\/about\/stores\/storeDetail\/P-artcStore\/L%C3%BCthy-B%C3%BCcher-Winterthur\">L\u00fcthy &amp; Stocker (Neuwiesen)<\/a><br><a href=\"https:\/\/www.orellfuessli.ch\/shop\/home\/filialen\/showDetails\/1009\/\">Orell F\u00fcssli <\/a>Marktgasse und Rosenberg <br>Tourist Information am Bahnhof <br>Technorama Winterthur<br><a href=\"http:\/\/werk-platz.ch\/\">Werkplatz Winterthur<\/a> <br><a href=\"https:\/\/www.zappadoing.ch\/\">Zappa Doing<\/a><br><\/p>\n\n\n\n<p><\/p>\n\n\n\n<hr class=\"wp-block-separator has-css-opacity is-style-wide\"\/>\n\n\n\n<p class=\"has-medium-font-size\">Weiterhin erh\u00e4ltlich:<\/p>\n\n\n\n<p class=\"has-medium-font-size\"><strong>Winterthurer Wimmelbuch<\/strong> \u2013 <strong>Ausmal- und R\u00e4tselheft <\/strong><br><img loading=\"lazy\" decoding=\"async\" width=\"300\" height=\"300\" class=\"wp-image-426\" style=\"width: 300px;\" src=\"https:\/\/www.wimmelbuchwinterthur.ch\/wp-content\/uploads\/2020\/06\/Ausmalbuch.jpg\" alt=\"\" srcset=\"https:\/\/www.wimmelbuchwinterthur.ch\/wp-content\/uploads\/2020\/06\/Ausmalbuch.jpg 2047w, https:\/\/www.wimmelbuchwinterthur.ch\/wp-content\/uploads\/2020\/06\/Ausmalbuch-300x300.jpg 300w, https:\/\/www.wimmelbuchwinterthur.ch\/wp-content\/uploads\/2020\/06\/Ausmalbuch-1024x1024.jpg 1024w, https:\/\/www.wimmelbuchwinterthur.ch\/wp-content\/uploads\/2020\/06\/Ausmalbuch-150x150.jpg 150w, https:\/\/www.wimmelbuchwinterthur.ch\/wp-content\/uploads\/2020\/06\/Ausmalbuch-768x768.jpg 768w, https:\/\/www.wimmelbuchwinterthur.ch\/wp-content\/uploads\/2020\/06\/Ausmalbuch-1536x1536.jpg 1536w, https:\/\/www.wimmelbuchwinterthur.ch\/wp-content\/uploads\/2020\/06\/Ausmalbuch-100x100.jpg 100w\" sizes=\"auto, (max-width: 300px) 100vw, 300px\" \/><\/p>\n\n\n\n<p><\/p>\n\n\n\n<p><strong>Ein Ausmal- und R\u00e4tselheft f\u00fcr die ganze Familie!<\/strong><br>Der Webshop ist leider ausverkauft. Bitte beziehen Sie das Ausmalheft bei unseren Verkaufsstellen:<\/p>\n\n\n\n<p><\/p>\n\n\n\n<p class=\"has-very-dark-gray-color has-cyan-bluish-gray-background-color has-text-color has-background has-medium-font-size\">Das Wimmelbuch Winterthur<strong> Ausmal- und R\u00e4tselheft<\/strong> ist auch bei unseren Vertriebspartner zu haben. <a href=\"https:\/\/www.obergassbuecher.ch\/\">Buchhandlung Obergasse<\/a> , <a href=\"https:\/\/www.buchamplatz.ch\/\">Buch am Platz<\/a> , <a href=\"https:\/\/www.buchparadies-ruoss.com\/\">Buchparadies Winterthur<\/a>, <a href=\"https:\/\/www.buecherchorb.ch\/\" target=\"_blank\" rel=\"noreferrer noopener\">Buecherchorb Aadorf<\/a>, <a href=\"https:\/\/www.chinderlade.ch\/\">Chinderlade + Spiel Art<\/a> , <a href=\"https:\/\/www.fontis-shop.ch\/filialen\/winterthur\">Fontis<\/a>, L\u00fcthi &amp; Stocker Neuwiesen, <a href=\"https:\/\/www.jugglux.ch\/\">Jugglux<\/a> , <a href=\"https:\/\/www.orellfuessli.ch\/shop\/home\/filialen\/showDetails\/1009\/\">Orell F\u00fcssli Winterthur<\/a> Tourist Information am Bahnhof , <a href=\"http:\/\/werk-platz.ch\/\">Werkplatz Winterthur<\/a> , <a href=\"https:\/\/www.zappadoing.ch\/\">Zappa Doing<\/a><br><\/p>\n\n\n\n<p><\/p>\n\n\n\n<p><br><br><\/p>\n\n\n\n<p><\/p>\n\n\n\n<p><\/p>\n","protected":false},"excerpt":{"rendered":"<p>(Bitte beachten Sie, dass das Wimmelbuch nicht \u00fcber uns bestellt werden kann) Buchhandlung Obergasse Buch am Platz Buchparadies WinterthurBuecherchorb AadorfChinderlade + Spiel Art FontisGewerbemuseum WinterthurJugglux L\u00fcthy &amp; Stocker (Neuwiesen)Orell F\u00fcssli Marktgasse und Rosenberg Tourist Information am Bahnhof Technorama WinterthurWerkplatz Winterthur Zappa Doing Weiterhin erh\u00e4ltlich: Winterthurer Wimmelbuch \u2013 Ausmal- und R\u00e4tselheft Ein Ausmal- und R\u00e4tselheft f\u00fcr &hellip; <\/p>\n<p class=\"link-more\"><a href=\"https:\/\/www.wimmelbuchwinterthur.ch\/\" class=\"more-link\"><span class=\"screen-reader-text\">\u201eVon Winti f\u00fcr Winti\u201c <\/span>weiterlesen<\/a><\/p>\n","protected":false},"author":1,"featured_media":0,"parent":0,"menu_order":0,"comment_status":"closed","ping_status":"closed","template":"","meta":{"footnotes":""},"class_list":["post-9","page","type-page","status-publish","hentry"],"jetpack_sharing_enabled":true,"_links":{"self":[{"href":"https:\/\/www.wimmelbuchwinterthur.ch\/index.php?rest_route=\/wp\/v2\/pages\/9","targetHints":{"allow":["GET"]}}],"collection":[{"href":"https:\/\/www.wimmelbuchwinterthur.ch\/index.php?rest_route=\/wp\/v2\/pages"}],"about":[{"href":"https:\/\/www.wimmelbuchwinterthur.ch\/index.php?rest_route=\/wp\/v2\/types\/page"}],"author":[{"embeddable":true,"href":"https:\/\/www.wimmelbuchwinterthur.ch\/index.php?rest_route=\/wp\/v2\/users\/1"}],"replies":[{"embeddable":true,"href":"https:\/\/www.wimmelbuchwinterthur.ch\/index.php?rest_route=%2Fwp%2Fv2%2Fcomments&post=9"}],"version-history":[{"count":86,"href":"https:\/\/www.wimmelbuchwinterthur.ch\/index.php?rest_route=\/wp\/v2\/pages\/9\/revisions"}],"predecessor-version":[{"id":1405,"href":"https:\/\/www.wimmelbuchwinterthur.ch\/index.php?rest_route=\/wp\/v2\/pages\/9\/revisions\/1405"}],"wp:attachment":[{"href":"https:\/\/www.wimmelbuchwinterthur.ch\/index.php?rest_route=%2Fwp%2Fv2%2Fmedia&parent=9"}],"curies":[{"name":"wp","href":"https:\/\/api.w.org\/{rel}","templated":true}]}}